{"id":290,"date":"2017-03-06T14:06:39","date_gmt":"2017-03-06T12:06:39","guid":{"rendered":"http:\/\/www.komuneo.com\/hakkimizda\/"},"modified":"2019-04-25T22:32:22","modified_gmt":"2019-04-25T19:32:22","slug":"hakkimizda","status":"publish","type":"page","link":"https:\/\/www.komuneo.com\/de\/hakkimizda\/","title":{"rendered":"Hakk\u0131m\u0131zda"},"content":{"rendered":"<p>2011 y\u0131l\u0131nda kurulan Komuneo reklam ajanslar\u0131 ve farkl\u0131 sekt\u00f6rlerden kurumsal firmalara dijital pazarlama alan\u0131nda teknik dan\u0131\u015fmanl\u0131k ve yaz\u0131l\u0131m konusunda \u00e7\u00f6z\u00fcm ortakl\u0131\u011f\u0131 sunuyor.<\/p>\n<p>Komuneo olarak y\u0131llar i\u00e7inde dijital pazarlamaya y\u00f6nelik sundu\u011fumuz \u00e7\u00f6z\u00fcmlerle irili ufakl\u0131 y\u00fczlerce projeye imza att\u0131k. Bu projelerde edindi\u011fimiz bilgi ve tecr\u00fcbeyle kulland\u0131\u011f\u0131m\u0131z teknoloji ve sundu\u011fumuz hizmetlerde uzmanl\u0131k seviyemizi \u00fcst seviyelere ta\u015f\u0131d\u0131k.<\/p>\n<p>Uzun y\u0131llard\u0131r birlikte \u00e7al\u0131\u015fan ekibimiz yakalad\u0131\u011f\u0131 sinerji ile m\u00fc\u015fterilerimizin ihtiya\u00e7lar\u0131na uygun maliyetlerle, y\u00fcksek kalitede ve en h\u0131zl\u0131 \u015fekilde yan\u0131t verebilmektedir. Ekibimizin her seviyesinde ula\u015f\u0131labilirli\u011fe azami seviyede \u00f6nem veriyoruz. Bu sayede m\u00fc\u015fterilerimizin de\u011ferli bir \u00e7\u00f6z\u00fcm orta\u011f\u0131 olmay\u0131 hedefliyoruz.<\/p>\n<p>Komuneo olarak uzman ekibimizin bilgi ve tecr\u00fcbesiyle hem T\u00fcrkiye hem de b\u00f6lge \u00fclkelerdeki m\u00fc\u015fterilerimize dijital pazarlama ve bilgi teknolojileri alan\u0131nda \u00e7\u00f6z\u00fcm \u00fcretmeye devam etmekteyiz.<\/p>\n<p>Hizmetlerimiz i\u00e7in <a href=\"https:\/\/www.komuneo.com\/de\/hizmetler\/\">t\u0131klay\u0131n<\/a><\/p>\n","protected":false},"excerpt":{"rendered":"<p>2011 y\u0131l\u0131nda kurulan Komuneo reklam ajanslar\u0131 ve farkl\u0131 sekt\u00f6rlerden kurumsal firmalara dijital pazarlama alan\u0131nda teknik dan\u0131\u015fmanl\u0131k ve yaz\u0131l\u0131m konusunda \u00e7\u00f6z\u00fcm ortakl\u0131\u011f\u0131 sunuyor. Komuneo olarak y\u0131llar i\u00e7inde dijital pazarlamaya y\u00f6nelik sundu\u011fumuz \u00e7\u00f6z\u00fcmlerle irili ufakl\u0131 y\u00fczlerce projeye imza att\u0131k. Bu projelerde edindi\u011fimiz bilgi ve tecr\u00fcbeyle kulland\u0131\u011f\u0131m\u0131z teknoloji ve sundu\u011fumuz hizmetlerde uzmanl\u0131k seviyemizi \u00fcst seviyelere ta\u015f\u0131d\u0131k. Uzun y\u0131llard\u0131r [&hellip;]<\/p>\n","protected":false},"author":1,"featured_media":0,"parent":0,"menu_order":0,"comment_status":"closed","ping_status":"closed","template":"page-hakkimizda.php","meta":{"_acf_changed":false,"footnotes":""},"class_list":["post-290","page","type-page","status-publish","hentry"],"acf":[],"_links":{"self":[{"href":"https:\/\/www.komuneo.com\/de\/wp-json\/wp\/v2\/pages\/290","targetHints":{"allow":["GET"]}}],"collection":[{"href":"https:\/\/www.komuneo.com\/de\/wp-json\/wp\/v2\/pages"}],"about":[{"href":"https:\/\/www.komuneo.com\/de\/wp-json\/wp\/v2\/types\/page"}],"author":[{"embeddable":true,"href":"https:\/\/www.komuneo.com\/de\/wp-json\/wp\/v2\/users\/1"}],"replies":[{"embeddable":true,"href":"https:\/\/www.komuneo.com\/de\/wp-json\/wp\/v2\/comments?post=290"}],"version-history":[{"count":3,"href":"https:\/\/www.komuneo.com\/de\/wp-json\/wp\/v2\/pages\/290\/revisions"}],"predecessor-version":[{"id":750,"href":"https:\/\/www.komuneo.com\/de\/wp-json\/wp\/v2\/pages\/290\/revisions\/750"}],"wp:attachment":[{"href":"https:\/\/www.komuneo.com\/de\/wp-json\/wp\/v2\/media?parent=290"}],"curies":[{"name":"wp","href":"https:\/\/api.w.org\/{rel}","templated":true}]}}